{"id":11,"date":"2020-01-03T11:01:12","date_gmt":"2020-01-03T11:01:12","guid":{"rendered":"http:\/\/skabersjoby.se\/?page_id=11"},"modified":"2020-02-16T16:03:06","modified_gmt":"2020-02-16T15:03:06","slug":"skabersjoby","status":"publish","type":"page","link":"https:\/\/skabersjoby.se\/","title":{"rendered":"Skabersj\u00f6by"},"content":{"rendered":"\n<p class=\"has-text-align-center\"><em>En liten by strax utanf\u00f6r landets tredje st\u00f6rsta stad.<br>H\u00e4r i byn finns en m\u00f6lla, en skola och en kyrka.<br>H\u00e4r finns m\u00e4nniskor  och djur.<br>H\u00e4r finns luft, ljus och rymd.<br>H\u00e4r finns inte mer stress \u00e4n vi sj\u00e4lv skapar.<br>Det r\u00e4cker! <\/em><\/p>\n\n\n\n<p><strong>Senaste inl\u00e4ggen<\/strong><\/p>\n\n\n<ul class=\"wp-block-latest-posts__list has-dates wp-block-latest-posts\"><li><a class=\"wp-block-latest-posts__post-title\" href=\"https:\/\/skabersjoby.se\/?p=758\">Protokoll \u00c5rst\u00e4mma 2025<\/a><time datetime=\"2025-07-30T16:03:47+01:00\" class=\"wp-block-latest-posts__post-date\">2025-07-30<\/time><div class=\"wp-block-latest-posts__post-excerpt\">Dokumenttyp:Dagordning (VA-\u00c5RSST\u00c4MMA)&nbsp; \u00c5rsst\u00e4mma 2025Vatten\/avloppsf\u00f6reningen Utf\u00e4rdare:Johan Fleron Datum:2025-05-15 Rev.dat: \u00c5rsst\u00e4mma \u2013 2025 Tid: 2025-05-15 kl. 18:00 \u2013 Torsdag&nbsp; Plats: Skolan&nbsp; N\u00e4rvarokontroll:&nbsp; Namn&nbsp; (N) = N\u00e4rvarande&nbsp; Bj\u00f6rn Lindqvist&nbsp; N Carina Gr\u00f6nhagen&nbsp; &#8211; Fredrik Reutersk\u00f6ld N Gunilla Reichel&nbsp; N Hanna Winberg&nbsp; &#8211; Harry Korman&nbsp; N Inger Oxing&nbsp; &#8211; Jens Molin&nbsp; &#8211; Johan Fleron&nbsp; N Johan Olsson&nbsp; N Jocelyne &hellip; <a href=\"https:\/\/skabersjoby.se\/?p=758\">L\u00e4s mer <span class=\"meta-nav\">&rarr;<\/span><\/a><\/div><\/li>\n<li><a class=\"wp-block-latest-posts__post-title\" href=\"https:\/\/skabersjoby.se\/?p=752\">\u00c5rsst\u00e4mma 2025<\/a><time datetime=\"2025-04-24T19:18:57+01:00\" class=\"wp-block-latest-posts__post-date\">2025-04-24<\/time><div class=\"wp-block-latest-posts__post-excerpt\">Hej,Dags f\u00f6r \u00e5rsm\u00f6te.\u00a0Var v\u00e4nliga och meddela sekreterare Johan om ni inte kan komma, annars r\u00e4knar vi med att ni \u00e4r p\u00e5 plats.Ev motioner skickas innan m\u00f6tet. \u00c5rsm\u00f6te i Skabersj\u00f6by samf\u00e4llighetsf\u00f6rening f\u00f6r vatten och avlopp. Styrelsen f\u00f6r Skabersj\u00f6by samf\u00e4llighetsf\u00f6rening, omfattande vatten (GA:4) och avlopp (GA:5), kallar till \u00e5rsm\u00f6te. Datum:\u00a0 \u00a0 \u00a0 \u00a0 Torsdag 2025-05-15Tid: \u00a0 \u00a0 &hellip; <a href=\"https:\/\/skabersjoby.se\/?p=752\">L\u00e4s mer <span class=\"meta-nav\">&rarr;<\/span><\/a><\/div><\/li>\n<li><a class=\"wp-block-latest-posts__post-title\" href=\"https:\/\/skabersjoby.se\/?p=739\">Gott nytt \u00e5r alla vatten och avloppsentusiaster<\/a><time datetime=\"2024-12-30T18:01:04+01:00\" class=\"wp-block-latest-posts__post-date\">2024-12-30<\/time><div class=\"wp-block-latest-posts__post-excerpt\">Samf\u00e4lligheten har haft ett lugnt och bra \u00e5r i f\u00f6rh\u00e5llande till fjol\u00e5ret och det \u00e4r vi tacksamma f\u00f6r. Under 2024 har f\u00f6reningen f\u00e5tt ny kass\u00f6r, sekreterare, tekniska uppgraderingar samtuppr\u00e4tth\u00e5llandet av de \u00e5terkommande sysslorna s\u00e5 som provtagning av spill och dricksvatten.Avloppsanl\u00e4ggningen f\u00e5tt ny pumpbrunn efter trekammarbrunnen och b\u00e4dden har fyllts p\u00e5 med mer sand och j\u00e4mnats &hellip; <a href=\"https:\/\/skabersjoby.se\/?p=739\">L\u00e4s mer <span class=\"meta-nav\">&rarr;<\/span><\/a><\/div><\/li>\n<\/ul>\n\n\n<p><\/p>\n","protected":false},"excerpt":{"rendered":"<p>En liten by strax utanf\u00f6r landets tredje st\u00f6rsta stad.H\u00e4r i byn finns en m\u00f6lla, en skola och en kyrka.H\u00e4r finns m\u00e4nniskor och djur.H\u00e4r finns luft, ljus och rymd.H\u00e4r finns inte mer stress \u00e4n vi sj\u00e4lv skapar.Det r\u00e4cker! Senaste inl\u00e4ggen<\/p>\n","protected":false},"author":1,"featured_media":0,"parent":0,"menu_order":0,"comment_status":"closed","ping_status":"closed","template":"","meta":{"footnotes":""},"class_list":["post-11","page","type-page","status-publish","hentry"],"_links":{"self":[{"href":"https:\/\/skabersjoby.se\/index.php?rest_route=\/wp\/v2\/pages\/11","targetHints":{"allow":["GET"]}}],"collection":[{"href":"https:\/\/skabersjoby.se\/index.php?rest_route=\/wp\/v2\/pages"}],"about":[{"href":"https:\/\/skabersjoby.se\/index.php?rest_route=\/wp\/v2\/types\/page"}],"author":[{"embeddable":true,"href":"https:\/\/skabersjoby.se\/index.php?rest_route=\/wp\/v2\/users\/1"}],"replies":[{"embeddable":true,"href":"https:\/\/skabersjoby.se\/index.php?rest_route=%2Fwp%2Fv2%2Fcomments&post=11"}],"version-history":[{"count":9,"href":"https:\/\/skabersjoby.se\/index.php?rest_route=\/wp\/v2\/pages\/11\/revisions"}],"predecessor-version":[{"id":413,"href":"https:\/\/skabersjoby.se\/index.php?rest_route=\/wp\/v2\/pages\/11\/revisions\/413"}],"wp:attachment":[{"href":"https:\/\/skabersjoby.se\/index.php?rest_route=%2Fwp%2Fv2%2Fmedia&parent=11"}],"curies":[{"name":"wp","href":"https:\/\/api.w.org\/{rel}","templated":true}]}}